{"id":1703,"date":"2024-10-08T13:31:16","date_gmt":"2024-10-08T13:31:16","guid":{"rendered":"https:\/\/grewesound.com\/?page_id=1703"},"modified":"2026-04-10T20:59:03","modified_gmt":"2026-04-10T20:59:03","slug":"about","status":"publish","type":"page","link":"https:\/\/grewesound.com\/de\/about\/","title":{"rendered":"\u00dcber"},"content":{"rendered":"<div class=\"et_pb_section_0 et_pb_section et_section_regular et_block_section\" id=\"contact\">\n<div class=\"et_pb_row_0 et_pb_row et_block_row\">\n<div class=\"et_pb_column_0 et_pb_column et_pb_column_4_4 et-last-child et_block_column et_pb_css_mix_blend_mode_passthrough\">\n<div class=\"et_pb_text_0 et_pb_text et_pb_bg_layout_light et_pb_module et_block_module preset--group--divi-text--divi-font-body--default preset--group--divi-text--divi-font-header--default\"><div class=\"et_pb_text_inner\"><h2 style=\"text-align: center;\">\u00dcBER<\/h2>\n<\/div><\/div>\n<\/div>\n<\/div>\n<\/div>\n\n<div class=\"et_pb_section_1 et_pb_section et_section_regular et_block_section\">\n<div class=\"et_pb_row_1 et_pb_row et_block_row\">\n<div class=\"et_pb_column_1 et_pb_column et_pb_column_1_2 et_block_column et_pb_css_mix_blend_mode_passthrough\">\n<div class=\"et_pb_image_0 et_pb_image et_pb_module et_block_module\"><span class=\"et_pb_image_wrap\"><img loading=\"lazy\" decoding=\"async\" src=\"https:\/\/grewesound.com\/wp-content\/uploads\/2024\/04\/Jack_torso_02.jpg\" width=\"949\" height=\"1161\" srcset=\"https:\/\/grewesound.com\/wp-content\/uploads\/2024\/04\/Jack_torso_02.jpg 949w, https:\/\/grewesound.com\/wp-content\/uploads\/2024\/04\/Jack_torso_02-480x587.jpg 480w\" sizes=\"(min-width: 0px) and (max-width: 480px) 480px, (min-width: 481px) 949px, 100vw\" class=\"wp-image-870\" title=\"Jack_portrait\" \/><\/span><\/div>\n<\/div>\n\n<div class=\"et_pb_column_2 et_pb_column et_pb_column_1_2 et-last-child et_block_column et_pb_css_mix_blend_mode_passthrough\">\n<div class=\"et_pb_text_1 et_pb_text et_pb_bg_layout_light et_pb_module et_block_module preset--group--divi-text--divi-font-body--default preset--group--divi-text--divi-font-header--default\"><div class=\"et_pb_text_inner\"><blockquote>\n<p style=\"text-align: left;\">Jack Grewe<br \/>info@grewesound.com<br \/>01575465720<\/p>\n<\/blockquote>\n<\/div><\/div>\n<\/div>\n<\/div>\n\n<div class=\"et_pb_row_2 et_pb_row et_block_row\">\n<div class=\"et_pb_column_3 et_pb_column et_pb_column_4_4 et-last-child et_block_column et_pb_css_mix_blend_mode_passthrough\">\n<div class=\"et_pb_text_2 et_pb_text et_pb_bg_layout_light et_pb_module et_block_module et_pb_text_align_justified et_pb_text_align_justified-tablet et_pb_text_align_left-phone preset--group--divi-text--divi-font-body--default preset--group--divi-text--divi-font-header--default\"><div class=\"et_pb_text_inner\"><h1 style=\"text-align: justify;\">Grewe Sound<\/h1>\n<p style=\"text-align: justify;\">Grewe Sound ist ein Solopreneur mit mehrj\u00e4hriger Erfahrung im professionellen Bereich und einem umfangreichen Hintergrund im Musikbereich. Wer mich engagiert, muss nicht das Risiko eingehen, einen Techniker zu bekommen, der nur wei\u00df, wie das Equipment funktioniert, aber wenig R\u00fccksicht auf den Kunden oder die Musik selbst nimmt. Bei Grewe Sound werden alle technischen Herausforderungen mit einem Augenzwinkern und auf eine praktische und freundliche Art und Weise angegangen.<\/p>\n<p style=\"text-align: justify;\">Ich arbeite sowohl an kleinen als auch an gro\u00dfen Projekten und helfe unabh\u00e4ngigen K\u00fcnstlern, Veranstaltungsorten und gro\u00dfen Eventfirmen gleicherma\u00dfen, ihre Visionen zu verwirklichen und ihre Produktionen zu unterst\u00fctzen. Unter meinen Live-Referenzen finden sich einfache PA-Setups in Bars und Clubs bis hin zu Line-Array-Aufh\u00e4ngungen bei Europatourneen. Gelegentlich nehme ich auch Musik oder andere Audiosignale in Studiosituationen auf und mische sie ab, sehr oft in Verbindung mit Videoproduktionen.<\/p>\n<\/div><\/div>\n<\/div>\n<\/div>\n<\/div>\n\n<div class=\"et_pb_section_2 et_pb_section et_section_regular et_block_section\">\n<div class=\"et_pb_row_3 et_pb_row et_block_row\">\n<div class=\"et_pb_column_4 et_pb_column et_pb_column_4_4 et-last-child et_block_column et_pb_css_mix_blend_mode_passthrough\">\n<div class=\"et_pb_text_3 et_pb_text et_pb_bg_layout_light et_pb_module et_block_module preset--group--divi-text--divi-font-body--default preset--group--divi-text--divi-font-header--default\"><div class=\"et_pb_text_inner\"><h1 style=\"text-align: center;\">Worte von Kunden<\/h1>\n<\/div><\/div>\n<\/div>\n<\/div>\n\n<div class=\"et_pb_row_4 et_pb_row et_block_row\">\n<div class=\"et_pb_column_5 et_pb_column et_pb_column_4_4 et-last-child et_flex_column et_pb_css_mix_blend_mode_passthrough\">\n<div class=\"et_pb_group_0 et_pb_group et-last-child et_pb_module et_flex_group et_pb_css_mix_blend_mode_passthrough\">\n<div class=\"et_pb_image_1 et_pb_image et_pb_module et_flex_module\"><span class=\"et_pb_image_wrap\"><img loading=\"lazy\" decoding=\"async\" src=\"https:\/\/grewesound.com\/wp-content\/uploads\/2023\/09\/eden.cami_.jpg\" title=\"eden.cami\" width=\"950\" height=\"940\" srcset=\"https:\/\/grewesound.com\/wp-content\/uploads\/2023\/09\/eden.cami_.jpg 950w, https:\/\/grewesound.com\/wp-content\/uploads\/2023\/09\/eden.cami_-480x475.jpg 480w\" sizes=\"(min-width: 0px) and (max-width: 480px) 480px, (min-width: 481px) 950px, 100vw\" class=\"wp-image-48\" \/><\/span><\/div>\n\n<div class=\"et_pb_divider_0 et_pb_divider et_pb_space et_pb_divider_position_center et_pb_module\"><div class=\"et_pb_divider_internal\"><\/div><\/div>\n\n<div class=\"et_pb_text_4 et_pb_text et_pb_bg_layout_light et_pb_module et_flex_module preset--group--divi-text--divi-font-header--default preset--group--divi-text--divi-font-body--sl4931tb5g\"><div class=\"et_pb_text_inner\"><p>Die Zusammenarbeit mit Jack war eine tolle Erfahrung! Er ist professionell, flei\u00dfig und geduldig. Das Ergebnis sah einfach gro\u00dfartig aus! Sehr zu empfehlen.<\/p>\n<\/div>\n<div class=\"et_pb_icon_0 et_pb_icon et_pb_module et_flex_module\"><span class=\"et_pb_icon_wrap\"><span class=\"et-pb-icon\">\uf10e<\/span><\/span><\/div>\n<\/div>\n\n<div class=\"et_pb_divider_1 et_pb_divider et_pb_space et_pb_divider_position_center et_pb_module\"><div class=\"et_pb_divider_internal\"><\/div><\/div>\n\n<div class=\"et_pb_text_5 et_pb_text et_pb_bg_layout_light et_pb_module et_flex_module preset--group--divi-text--divi-font-body--default preset--group--divi-text--divi-font-header--default\"><div class=\"et_pb_text_inner\"><p>Eden Cami<\/p>\n<\/div><\/div>\n\n<div class=\"et_pb_text_6 et_pb_text et_pb_bg_layout_light et_pb_module et_flex_module preset--group--divi-text--divi-font-body--default preset--group--divi-text--divi-font-header--default\"><div class=\"et_pb_text_inner\"><p>S\u00e4ngerin \u2013 Solok\u00fcnstler, The Kayan Project<\/p>\n<\/div><\/div>\n<\/div>\n<\/div>\n<\/div>\n<\/div>","protected":false},"excerpt":{"rendered":"","protected":false},"author":1,"featured_media":0,"parent":0,"menu_order":5,"comment_status":"closed","ping_status":"closed","template":"","meta":{"footnotes":""},"class_list":["post-1703","page","type-page","status-publish","hentry"],"aioseo_notices":[],"_links":{"self":[{"href":"https:\/\/grewesound.com\/de\/wp-json\/wp\/v2\/pages\/1703","targetHints":{"allow":["GET"]}}],"collection":[{"href":"https:\/\/grewesound.com\/de\/wp-json\/wp\/v2\/pages"}],"about":[{"href":"https:\/\/grewesound.com\/de\/wp-json\/wp\/v2\/types\/page"}],"author":[{"embeddable":true,"href":"https:\/\/grewesound.com\/de\/wp-json\/wp\/v2\/users\/1"}],"replies":[{"embeddable":true,"href":"https:\/\/grewesound.com\/de\/wp-json\/wp\/v2\/comments?post=1703"}],"version-history":[{"count":48,"href":"https:\/\/grewesound.com\/de\/wp-json\/wp\/v2\/pages\/1703\/revisions"}],"predecessor-version":[{"id":5313,"href":"https:\/\/grewesound.com\/de\/wp-json\/wp\/v2\/pages\/1703\/revisions\/5313"}],"wp:attachment":[{"href":"https:\/\/grewesound.com\/de\/wp-json\/wp\/v2\/media?parent=1703"}],"curies":[{"name":"wp","href":"https:\/\/api.w.org\/{rel}","templated":true}]}}