{"id":1321,"date":"2024-10-03T06:02:07","date_gmt":"2024-10-03T06:02:07","guid":{"rendered":"https:\/\/grewesound.com\/?page_id=1321"},"modified":"2026-04-04T16:24:07","modified_gmt":"2026-04-04T16:24:07","slug":"privacy-policy","status":"publish","type":"page","link":"https:\/\/grewesound.com\/de\/privacy-policy\/","title":{"rendered":"Datenschutz"},"content":{"rendered":"<div class=\"et_pb_section_0 et_pb_section et_section_regular et_block_section\" id=\"contact\">\n<div class=\"et_pb_row_0 et_pb_row et_block_row\">\n<div class=\"et_pb_column_0 et_pb_column et_pb_column_4_4 et-last-child et_block_column et_pb_css_mix_blend_mode_passthrough\">\n<div class=\"et_pb_text_0 et_pb_text et_pb_bg_layout_light et_pb_module et_block_module preset--group--divi-text--divi-font-body--default preset--group--divi-text--divi-font-header--default\"><div class=\"et_pb_text_inner\"><h2 style=\"text-align: center;\">DATENSCHUTZ<\/h2>\n<\/div><\/div>\n<\/div>\n<\/div>\n<\/div>\n\n<div class=\"et_pb_section_1 et_pb_section et_section_regular et_block_section\">\n<div class=\"et_pb_row_1 et_pb_row et_block_row\">\n<div class=\"et_pb_column_1 et_pb_column et_pb_column_4_4 et-last-child et_block_column et_pb_css_mix_blend_mode_passthrough\">\n<div class=\"et_pb_text_1 et_pb_text et_pb_bg_layout_light et_pb_module et_block_module preset--group--divi-text--divi-font-body--default preset--group--divi-text--divi-font-header--default\"><div class=\"et_pb_text_inner\"><h3 style=\"text-align: left;\"><strong>Allgemeine Informationen \u00fcber Cookies<\/strong><\/h3>\n<p style=\"text-align: justify;\">Ein Cookie ist eine kleine Textdatei, in der Informationen \u00fcber einen bestimmten Benutzer gespeichert werden.<\/p>\n<p style=\"text-align: justify;\"><strong>Es gibt zwei Arten von Cookies<br \/><\/strong><strong><\/strong>Tempor\u00e4re Cookies (\u201eSession-Cookies\u201c) werden so lange gespeichert, wie Sie auf einer Website aktiv sind, d. h. w\u00e4hrend einer Browsing-Sitzung. Diese Cookies speichern Informationen, die f\u00fcr den aktuellen Besuch relevant sind und nichts weiter. Dies k\u00f6nnen z. B. Informationen dar\u00fcber sein, was Sie in Ihren Warenkorb gelegt haben, wenn Sie in einem Online-Shop st\u00f6bern. Tempor\u00e4re Cookies verschwinden von selbst, wenn Sie Ihren Browser schlie\u00dfen.<\/p>\n<p style=\"text-align: justify;\">Permanente Cookies werden auf Ihrem Computer oder Mobiltelefon f\u00fcr einen bestimmten Zeitraum gespeichert, oder bis sie von Ihnen oder der Website, die sie dort platziert hat, gel\u00f6scht werden. Ein permanenter Cookie speichert Informationen, die f\u00fcr eine l\u00e4ngerfristige Beziehung zwischen Ihnen und der von Ihnen besuchten Website relevant sind. Dabei kann es sich z. B. um Kundendaten handeln, die f\u00fcr die Ausf\u00fchrung einer Bestellung, die Fortsetzung eines laufenden Projekts, die Nachbereitung eines abgeschlossenen Projekts oder eine andere vom Besucher gew\u00fcnschte Aktion ben\u00f6tigt werden.<\/p>\n<p style=\"text-align: justify;\">Die mit Hilfe von Cookies erhobenen personenbezogenen Daten d\u00fcrfen nur f\u00fcr die Zwecke verwendet werden, die Sie zuvor genehmigt haben.<\/p>\n<p style=\"text-align: justify;\"><strong>Wie wir Cookies verwenden<\/strong><br \/>Wir verwenden Cookies, um Ihnen, dem Besucher, einen besseren Service bieten zu k\u00f6nnen. Unsere Cookies sammeln Informationen \u00fcber die Anzahl der Besucher, wie lange sie auf der Website bleiben und auf welchen Unterseiten sie die meiste Zeit verbringen. Wir sammeln auch Informationen \u00fcber die Betriebssysteme und Browser, die unsere Besucher verwenden, und dar\u00fcber, wie sie mit der Website interagieren. Dies erm\u00f6glicht es uns, mehr angeforderte Informationen leicht zug\u00e4nglich zu machen und die Website f\u00fcr die bestm\u00f6gliche Nutzererfahrung zu optimieren.<\/p>\n<p style=\"text-align: justify;\">By clicking accept you agree to us placing cookies on your computer. If you choose not to click accept we will still have to place a single simple cookie on your computer that's informing this website that you do not want any cookies. Not accepting cookies may result in a slightly reduced functionality of the website.<\/p>\n<p style=\"text-align: justify;\">Sie k\u00f6nnen Cookies auch \u00fcber Ihre Browsereinstellungen f\u00fcr alle Websites deaktivieren.<\/p>\n<h3>Datenschutz<\/h3>\n<p style=\"text-align: justify;\"><strong>Welche personenbezogenen Daten sammeln wir?<\/strong><br \/>Wir sammeln nur die Informationen, die Sie uns freiwillig zur Verf\u00fcgung stellen, wie Name, Telefonnummer und E-Mail-Adresse.<\/p>\n<p style=\"text-align: justify;\"><strong>Wie verarbeiten wir personenbezogene Daten?<\/strong><br \/>Die erhobenen Daten werden ausschlie\u00dflich zur Erf\u00fcllung der von Ihnen gew\u00fcnschten Anfrage verwendet und nicht l\u00e4nger aufbewahrt, als es f\u00fcr die Durchf\u00fchrung dieser Aktion erforderlich ist oder als wir gesetzlich verpflichtet sind, die Daten aufzubewahren.<\/p>\n<p style=\"text-align: justify;\">Indem Sie uns Ihre pers\u00f6nlichen Daten \u00fcbermitteln, erkl\u00e4ren Sie sich damit einverstanden, dass diese in \u00dcbereinstimmung mit dieser Richtlinie verarbeitet werden.<\/p>\n<p style=\"text-align: justify;\">Sie k\u00f6nnen Auskunft dar\u00fcber verlangen, welche personenbezogenen Daten wir \u00fcber Sie gespeichert haben, indem Sie sich an uns wenden. Im Rahmen des Widerrufsrechts k\u00f6nnen Sie auch verlangen, dass wir diese Daten jederzeit l\u00f6schen. Sie haben auch das Recht, sich gegen die Zusendung von Newslettern zu entscheiden.<\/p>\n<p style=\"text-align: justify;\"><strong>Wer kann auf die Daten zugreifen?<\/strong><br \/>Nur Mitarbeiter von Grewe Sound. Die Daten werden niemals verkauft oder an unbefugte Personen weitergegeben.<\/p>\n<\/div><\/div>\n<\/div>\n<\/div>\n<\/div>","protected":false},"excerpt":{"rendered":"","protected":false},"author":1,"featured_media":0,"parent":0,"menu_order":32,"comment_status":"closed","ping_status":"closed","template":"","meta":{"footnotes":""},"class_list":["post-1321","page","type-page","status-publish","hentry"],"aioseo_notices":[],"_links":{"self":[{"href":"https:\/\/grewesound.com\/de\/wp-json\/wp\/v2\/pages\/1321","targetHints":{"allow":["GET"]}}],"collection":[{"href":"https:\/\/grewesound.com\/de\/wp-json\/wp\/v2\/pages"}],"about":[{"href":"https:\/\/grewesound.com\/de\/wp-json\/wp\/v2\/types\/page"}],"author":[{"embeddable":true,"href":"https:\/\/grewesound.com\/de\/wp-json\/wp\/v2\/users\/1"}],"replies":[{"embeddable":true,"href":"https:\/\/grewesound.com\/de\/wp-json\/wp\/v2\/comments?post=1321"}],"version-history":[{"count":15,"href":"https:\/\/grewesound.com\/de\/wp-json\/wp\/v2\/pages\/1321\/revisions"}],"predecessor-version":[{"id":4752,"href":"https:\/\/grewesound.com\/de\/wp-json\/wp\/v2\/pages\/1321\/revisions\/4752"}],"wp:attachment":[{"href":"https:\/\/grewesound.com\/de\/wp-json\/wp\/v2\/media?parent=1321"}],"curies":[{"name":"wp","href":"https:\/\/api.w.org\/{rel}","templated":true}]}}