{"id":1308,"date":"2024-10-03T05:20:43","date_gmt":"2024-10-03T05:20:43","guid":{"rendered":"https:\/\/grewesound.com\/?page_id=1308"},"modified":"2026-04-04T16:24:38","modified_gmt":"2026-04-04T16:24:38","slug":"impressum","status":"publish","type":"page","link":"https:\/\/grewesound.com\/de\/impressum\/","title":{"rendered":"Impressum"},"content":{"rendered":"<div class=\"et_pb_section_0 et_pb_section et_section_regular et_block_section\">\n<div class=\"et_pb_row_0 et_pb_row et_block_row\">\n<div class=\"et_pb_column_0 et_pb_column et_pb_column_4_4 et-last-child et_block_column et_pb_css_mix_blend_mode_passthrough\">\n<div class=\"et_pb_text_0 et_pb_text et_pb_bg_layout_light et_pb_module et_block_module preset--group--divi-text--divi-font-body--default preset--group--divi-text--divi-font-header--default\"><div class=\"et_pb_text_inner\"><h2 style=\"text-align: center;\">IMPRESSUM<\/h2>\n<\/div><\/div>\n<\/div>\n<\/div>\n<\/div>\n\n<div class=\"et_pb_section_1 et_pb_section et_section_regular et_block_section\">\n<div class=\"et_pb_row_1 et_pb_row et_block_row\">\n<div class=\"et_pb_column_1 et_pb_column et_pb_column_4_4 et-last-child et_block_column et_pb_css_mix_blend_mode_passthrough\">\n<div class=\"et_pb_text_1 et_pb_text et_pb_bg_layout_light et_pb_module et_block_module preset--group--divi-text--divi-font-body--default preset--group--divi-text--divi-font-header--default\"><div class=\"et_pb_text_inner\"><div class=\"entry-content\" itemprop=\"text\">\n<div style=\"word-wrap: break-word;\">\n<h3>Informationen gem\u00e4\u00df <em>\u00a7 5<\/em> TMG<\/h3>\n<p>Grewe Sound<br \/>Fidicinstr. 33<br \/>10965 Berlin<br \/>Germany<\/p>\n<p><strong>Vertreten durch:<br \/><\/strong>Kjell Johan Jack Greve<\/p>\n<p><strong>Verantwortlich f\u00fcr den Inhalt gem\u00e4\u00df \u00a7 55 Abs. 2 RStV:<\/strong><br \/><span style=\"line-height: 1.5;\">Kjell Johan Jack Greve<\/span><span style=\"line-height: 1.5;\"><\/span><\/p>\n<h3>Kontakt<\/h3>\n<p>Telefon: <span style=\"line-height: 1.5;\">+49 1575 046 5720<\/span><br \/>E-mail: info@grewesound.com<\/p>\n<h3>Umsatzsteuer-ID<\/h3>\n<p>Umsatzsteuer-Identifikationsnummer gem\u00e4\u00df <em>\u00a7 <\/em>27a des Mehrwertsteuergesetzes:<br \/>DE358541455<\/p>\n<h3>EU-Streitbeilegung<\/h3>\n<p>Die Europ\u00e4ische Kommission stellt eine Plattform f\u00fcr die Online-Streitbeilegung (OS) bereit:<br \/><a href=\"https:\/\/ec.europa.eu\/consumers\/odr\/\" target=\"_blank\" rel=\"noopener noreferrer\">https:\/\/ec.europa.eu\/consumers\/odr\/<\/a>.<\/p>\n<h3>Verbraucherstreitbeilegung\/Universalschlichtungsstelle<\/h3>\n<p>Wir sind nicht bereit oder verpflichtet, an einem Streitbeilegungsverfahren vor einer Verbraucherschlichtungsstelle teilzunehmen.<\/p>\n<p>&nbsp;<\/p>\n<h3>Bildnachweis<\/h3>\n<p>\"Sound Operator\" image by Chiara Dazi.<br \/>\"System Engineer\" image by Hauke Wassmann.<\/p>\n<\/div>\n<\/div>\n<\/div><\/div>\n<\/div>\n<\/div>\n<\/div>","protected":false},"excerpt":{"rendered":"","protected":false},"author":1,"featured_media":0,"parent":0,"menu_order":31,"comment_status":"closed","ping_status":"closed","template":"","meta":{"footnotes":""},"class_list":["post-1308","page","type-page","status-publish","hentry"],"aioseo_notices":[],"_links":{"self":[{"href":"https:\/\/grewesound.com\/de\/wp-json\/wp\/v2\/pages\/1308","targetHints":{"allow":["GET"]}}],"collection":[{"href":"https:\/\/grewesound.com\/de\/wp-json\/wp\/v2\/pages"}],"about":[{"href":"https:\/\/grewesound.com\/de\/wp-json\/wp\/v2\/types\/page"}],"author":[{"embeddable":true,"href":"https:\/\/grewesound.com\/de\/wp-json\/wp\/v2\/users\/1"}],"replies":[{"embeddable":true,"href":"https:\/\/grewesound.com\/de\/wp-json\/wp\/v2\/comments?post=1308"}],"version-history":[{"count":20,"href":"https:\/\/grewesound.com\/de\/wp-json\/wp\/v2\/pages\/1308\/revisions"}],"predecessor-version":[{"id":4753,"href":"https:\/\/grewesound.com\/de\/wp-json\/wp\/v2\/pages\/1308\/revisions\/4753"}],"wp:attachment":[{"href":"https:\/\/grewesound.com\/de\/wp-json\/wp\/v2\/media?parent=1308"}],"curies":[{"name":"wp","href":"https:\/\/api.w.org\/{rel}","templated":true}]}}